{"id":91,"date":"2022-04-12T20:23:00","date_gmt":"2022-04-12T17:23:00","guid":{"rendered":"https:\/\/puentotrade.com\/?page_id=91"},"modified":"2022-05-13T20:34:04","modified_gmt":"2022-05-13T17:34:04","slug":"biz-kimiz","status":"publish","type":"page","link":"https:\/\/puentotrade.com\/tr\/biz-kimiz\/","title":{"rendered":"Biz Kimiz"},"content":{"rendered":"\t\t<div data-elementor-type=\"wp-page\" data-elementor-id=\"91\" class=\"elementor elementor-91\">\n\t\t\t\t\t\t\t\t\t<section class=\"elementor-section elementor-top-section elementor-element elementor-element-589f08b elementor-section-full_width elementor-section-height-min-height elementor-section-height-default elementor-section-items-middle\" data-id=\"589f08b\" data-element_type=\"section\" data-settings=\"{&quot;background_background&quot;:&quot;classic&quot;}\">\n\t\t\t\t\t\t\t<div class=\"elementor-background-overlay\"><\/div>\n\t\t\t\t\t\t\t<div class=\"elementor-container elementor-column-gap-no\">\n\t\t\t\t\t<div class=\"elementor-column elementor-col-100 elementor-top-column elementor-element elementor-element-fcdaabd\" data-id=\"fcdaabd\" data-element_type=\"column\">\n\t\t\t<div class=\"elementor-widget-wrap elementor-element-populated\">\n\t\t\t\t\t\t\t\t<div class=\"elementor-element elementor-element-f4c1da3 elementor-widget elementor-widget-heading\" data-id=\"f4c1da3\" data-element_type=\"widget\" data-widget_type=\"heading.default\">\n\t\t\t\t<div class=\"elementor-widget-container\">\n\t\t\t<style>\/*! elementor - v3.6.6 - 08-06-2022 *\/\n.elementor-heading-title{padding:0;margin:0;line-height:1}.elementor-widget-heading .elementor-heading-title[class*=elementor-size-]>a{color:inherit;font-size:inherit;line-height:inherit}.elementor-widget-heading .elementor-heading-title.elementor-size-small{font-size:15px}.elementor-widget-heading .elementor-heading-title.elementor-size-medium{font-size:19px}.elementor-widget-heading .elementor-heading-title.elementor-size-large{font-size:29px}.elementor-widget-heading .elementor-heading-title.elementor-size-xl{font-size:39px}.elementor-widget-heading .elementor-heading-title.elementor-size-xxl{font-size:59px}<\/style><h1 class=\"elementor-heading-title elementor-size-default\">Biz Kimiz?<\/h1>\t\t<\/div>\n\t\t\t\t<\/div>\n\t\t\t\t\t<\/div>\n\t\t<\/div>\n\t\t\t\t\t\t\t<\/div>\n\t\t<\/section>\n\t\t\t\t<section class=\"elementor-section elementor-top-section elementor-element elementor-element-19ad6b5 elementor-section-boxed elementor-section-height-default elementor-section-height-default\" data-id=\"19ad6b5\" data-element_type=\"section\">\n\t\t\t\t\t\t<div class=\"elementor-container elementor-column-gap-default\">\n\t\t\t\t\t<div class=\"elementor-column elementor-col-100 elementor-top-column elementor-element elementor-element-b430fc7\" data-id=\"b430fc7\" data-element_type=\"column\">\n\t\t\t<div class=\"elementor-widget-wrap elementor-element-populated\">\n\t\t\t\t\t\t\t\t<div class=\"elementor-element elementor-element-15b3c6b elementor-widget elementor-widget-text-editor\" data-id=\"15b3c6b\" data-element_type=\"widget\" data-widget_type=\"text-editor.default\">\n\t\t\t\t<div class=\"elementor-widget-container\">\n\t\t\t<style>\/*! elementor - v3.6.6 - 08-06-2022 *\/\n.elementor-widget-text-editor.elementor-drop-cap-view-stacked .elementor-drop-cap{background-color:#818a91;color:#fff}.elementor-widget-text-editor.elementor-drop-cap-view-framed .elementor-drop-cap{color:#818a91;border:3px solid;background-color:transparent}.elementor-widget-text-editor:not(.elementor-drop-cap-view-default) .elementor-drop-cap{margin-top:8px}.elementor-widget-text-editor:not(.elementor-drop-cap-view-default) .elementor-drop-cap-letter{width:1em;height:1em}.elementor-widget-text-editor .elementor-drop-cap{float:left;text-align:center;line-height:1;font-size:50px}.elementor-widget-text-editor .elementor-drop-cap-letter{display:inline-block}<\/style>\t\t\t\t<p><img loading=\"lazy\" decoding=\"async\" class=\"alignnone size-medium wp-image-901\" src=\"http:\/\/puentotrade.com\/wp-content\/uploads\/2022\/05\/team-300x169.webp\" alt=\"\" width=\"300\" height=\"169\" srcset=\"https:\/\/puentotrade.com\/wp-content\/uploads\/2022\/05\/team-300x169.webp 300w, https:\/\/puentotrade.com\/wp-content\/uploads\/2022\/05\/team.webp 578w\" sizes=\"auto, (max-width: 300px) 100vw, 300px\" \/><\/p><p>Uluslararas\u0131 ticarette ve \u00f6zellikle Latin D\u00fcnyas\u0131nda (Latin Amerika \u00dclkeleri, \u0130spanya, Portekiz), Avrupa ve T\u00fcrkiye&#8217;de 20 y\u0131l\u0131 a\u015fk\u0131n tecr\u00fcbemizle i\u015fletmeleri, insanlar\u0131 ve k\u00fclt\u00fcrleri ki\u015fiye \u00f6zel \u00e7\u00f6z\u00fcmlerle birle\u015ftiriyoruz.<\/p><p>D\u0131\u015f ticaret firmas\u0131 olarak \u00f6ncelikli hedefimiz, farkl\u0131 sekt\u00f6rlerden firmalara \u201cM\u00fckemmel \u00dcr\u00fcn ve Hizmetler\u201d sunarak, k\u00fcresel ticarette i\u015f hedeflerine ula\u015fmalar\u0131n\u0131 sa\u011flamakt\u0131r<span style=\"font-style: inherit; font-weight: inherit; background-color: var(--ast-global-color-5); color: var(--ast-global-color-3); font-family: -apple-system, BlinkMacSystemFont, 'Segoe UI', Roboto, Oxygen-Sans, Ubuntu, Cantarell, 'Helvetica Neue', sans-serif;\">.<\/span><\/p>\t\t\t\t\t\t<\/div>\n\t\t\t\t<\/div>\n\t\t\t\t\t<\/div>\n\t\t<\/div>\n\t\t\t\t\t\t\t<\/div>\n\t\t<\/section>\n\t\t\t\t\t\t\t<\/div>\n\t\t","protected":false},"excerpt":{"rendered":"<p>Biz Kimiz? Uluslararas\u0131 ticarette ve \u00f6zellikle Latin D\u00fcnyas\u0131nda (Latin Amerika \u00dclkeleri, \u0130spanya, Portekiz), Avrupa ve T\u00fcrkiye&#8217;de 20 y\u0131l\u0131 a\u015fk\u0131n tecr\u00fcbemizle i\u015fletmeleri, insanlar\u0131 ve k\u00fclt\u00fcrleri ki\u015fiye \u00f6zel \u00e7\u00f6z\u00fcmlerle birle\u015ftiriyoruz. D\u0131\u015f ticaret firmas\u0131 olarak \u00f6ncelikli hedefimiz, farkl\u0131 sekt\u00f6rlerden firmalara \u201cM\u00fckemmel \u00dcr\u00fcn ve Hizmetler\u201d sunarak, k\u00fcresel ticarette i\u015f hedeflerine ula\u015fmalar\u0131n\u0131 sa\u011flamakt\u0131r.<\/p>\n","protected":false},"author":1,"featured_media":0,"parent":0,"menu_order":0,"comment_status":"closed","ping_status":"closed","template":"","meta":{"site-sidebar-layout":"no-sidebar","site-content-layout":"page-builder","ast-global-header-display":"","ast-main-header-display":"","ast-hfb-above-header-display":"","ast-hfb-below-header-display":"","ast-hfb-mobile-header-display":"","site-post-title":"disabled","ast-breadcrumbs-content":"","ast-featured-img":"disabled","footer-sml-layout":"","theme-transparent-header-meta":"default","adv-header-id-meta":"","stick-header-meta":"","header-above-stick-meta":"","header-main-stick-meta":"","header-below-stick-meta":"","footnotes":""},"class_list":["post-91","page","type-page","status-publish","hentry"],"_links":{"self":[{"href":"https:\/\/puentotrade.com\/tr\/wp-json\/wp\/v2\/pages\/91","targetHints":{"allow":["GET"]}}],"collection":[{"href":"https:\/\/puentotrade.com\/tr\/wp-json\/wp\/v2\/pages"}],"about":[{"href":"https:\/\/puentotrade.com\/tr\/wp-json\/wp\/v2\/types\/page"}],"author":[{"embeddable":true,"href":"https:\/\/puentotrade.com\/tr\/wp-json\/wp\/v2\/users\/1"}],"replies":[{"embeddable":true,"href":"https:\/\/puentotrade.com\/tr\/wp-json\/wp\/v2\/comments?post=91"}],"version-history":[{"count":19,"href":"https:\/\/puentotrade.com\/tr\/wp-json\/wp\/v2\/pages\/91\/revisions"}],"predecessor-version":[{"id":925,"href":"https:\/\/puentotrade.com\/tr\/wp-json\/wp\/v2\/pages\/91\/revisions\/925"}],"wp:attachment":[{"href":"https:\/\/puentotrade.com\/tr\/wp-json\/wp\/v2\/media?parent=91"}],"curies":[{"name":"wp","href":"https:\/\/api.w.org\/{rel}","templated":true}]}}