{"id":223,"date":"2022-04-14T11:21:47","date_gmt":"2022-04-14T08:21:47","guid":{"rendered":"https:\/\/puentotrade.com\/?page_id=223"},"modified":"2022-04-14T11:29:34","modified_gmt":"2022-04-14T08:29:34","slug":"kampanyalar","status":"publish","type":"page","link":"https:\/\/puentotrade.com\/tr\/kampanyalar\/","title":{"rendered":"Kampanyalar"},"content":{"rendered":"\t\t<div data-elementor-type=\"wp-page\" data-elementor-id=\"223\" class=\"elementor elementor-223\">\n\t\t\t\t\t\t\t\t\t<section class=\"elementor-section elementor-top-section elementor-element elementor-element-589f08b elementor-section-full_width elementor-section-height-min-height elementor-section-height-default elementor-section-items-middle\" data-id=\"589f08b\" data-element_type=\"section\" data-settings=\"{&quot;background_background&quot;:&quot;classic&quot;}\">\n\t\t\t\t\t\t\t<div class=\"elementor-background-overlay\"><\/div>\n\t\t\t\t\t\t\t<div class=\"elementor-container elementor-column-gap-no\">\n\t\t\t\t\t<div class=\"elementor-column elementor-col-100 elementor-top-column elementor-element elementor-element-fcdaabd\" data-id=\"fcdaabd\" data-element_type=\"column\">\n\t\t\t<div class=\"elementor-widget-wrap elementor-element-populated\">\n\t\t\t\t\t\t\t\t<div class=\"elementor-element elementor-element-f4c1da3 elementor-widget elementor-widget-heading\" data-id=\"f4c1da3\" data-element_type=\"widget\" data-widget_type=\"heading.default\">\n\t\t\t\t<div class=\"elementor-widget-container\">\n\t\t\t<style>\/*! elementor - v3.6.6 - 08-06-2022 *\/\n.elementor-heading-title{padding:0;margin:0;line-height:1}.elementor-widget-heading .elementor-heading-title[class*=elementor-size-]>a{color:inherit;font-size:inherit;line-height:inherit}.elementor-widget-heading .elementor-heading-title.elementor-size-small{font-size:15px}.elementor-widget-heading .elementor-heading-title.elementor-size-medium{font-size:19px}.elementor-widget-heading .elementor-heading-title.elementor-size-large{font-size:29px}.elementor-widget-heading .elementor-heading-title.elementor-size-xl{font-size:39px}.elementor-widget-heading .elementor-heading-title.elementor-size-xxl{font-size:59px}<\/style><h1 class=\"elementor-heading-title elementor-size-default\">Kampanyalar<\/h1>\t\t<\/div>\n\t\t\t\t<\/div>\n\t\t\t\t\t<\/div>\n\t\t<\/div>\n\t\t\t\t\t\t\t<\/div>\n\t\t<\/section>\n\t\t\t\t<section class=\"elementor-section elementor-top-section elementor-element elementor-element-19ad6b5 elementor-section-boxed elementor-section-height-default elementor-section-height-default\" data-id=\"19ad6b5\" data-element_type=\"section\">\n\t\t\t\t\t\t<div class=\"elementor-container elementor-column-gap-default\">\n\t\t\t\t\t<div class=\"elementor-column elementor-col-100 elementor-top-column elementor-element elementor-element-b430fc7\" data-id=\"b430fc7\" data-element_type=\"column\">\n\t\t\t<div class=\"elementor-widget-wrap elementor-element-populated\">\n\t\t\t\t\t\t\t\t<div class=\"elementor-element elementor-element-9aea95f elementor-widget elementor-widget-image\" data-id=\"9aea95f\" data-element_type=\"widget\" data-widget_type=\"image.default\">\n\t\t\t\t<div class=\"elementor-widget-container\">\n\t\t\t<style>\/*! elementor - v3.6.6 - 08-06-2022 *\/\n.elementor-widget-image{text-align:center}.elementor-widget-image a{display:inline-block}.elementor-widget-image a img[src$=\".svg\"]{width:48px}.elementor-widget-image img{vertical-align:middle;display:inline-block}<\/style>\t\t\t\t\t\t\t\t\t\t\t\t<img loading=\"lazy\" decoding=\"async\" width=\"940\" height=\"481\" src=\"https:\/\/puentotrade.com\/wp-content\/uploads\/2022\/04\/campaign-1.webp\" class=\"attachment-large size-large\" alt=\"\" srcset=\"https:\/\/puentotrade.com\/wp-content\/uploads\/2022\/04\/campaign-1.webp 940w, https:\/\/puentotrade.com\/wp-content\/uploads\/2022\/04\/campaign-1-300x154.webp 300w, https:\/\/puentotrade.com\/wp-content\/uploads\/2022\/04\/campaign-1-768x393.webp 768w\" sizes=\"auto, (max-width: 940px) 100vw, 940px\" \/>\t\t\t\t\t\t\t\t\t\t\t\t\t\t\t<\/div>\n\t\t\t\t<\/div>\n\t\t\t\t\t<\/div>\n\t\t<\/div>\n\t\t\t\t\t\t\t<\/div>\n\t\t<\/section>\n\t\t\t\t<section class=\"elementor-section elementor-top-section elementor-element elementor-element-f1257af elementor-section-boxed elementor-section-height-default elementor-section-height-default\" data-id=\"f1257af\" data-element_type=\"section\">\n\t\t\t\t\t\t<div class=\"elementor-container elementor-column-gap-default\">\n\t\t\t\t\t<div class=\"elementor-column elementor-col-33 elementor-top-column elementor-element elementor-element-0cf93c0\" data-id=\"0cf93c0\" data-element_type=\"column\">\n\t\t\t<div class=\"elementor-widget-wrap elementor-element-populated\">\n\t\t\t\t\t\t\t\t<div class=\"elementor-element elementor-element-79577be elementor-widget elementor-widget-image\" data-id=\"79577be\" data-element_type=\"widget\" data-widget_type=\"image.default\">\n\t\t\t\t<div class=\"elementor-widget-container\">\n\t\t\t\t\t\t\t\t\t\t\t\t\t\t\t<img loading=\"lazy\" decoding=\"async\" width=\"599\" height=\"390\" src=\"https:\/\/puentotrade.com\/wp-content\/uploads\/2022\/04\/btn1.webp\" class=\"attachment-large size-large\" alt=\"\" srcset=\"https:\/\/puentotrade.com\/wp-content\/uploads\/2022\/04\/btn1.webp 599w, https:\/\/puentotrade.com\/wp-content\/uploads\/2022\/04\/btn1-300x195.webp 300w\" sizes=\"auto, (max-width: 599px) 100vw, 599px\" \/>\t\t\t\t\t\t\t\t\t\t\t\t\t\t\t<\/div>\n\t\t\t\t<\/div>\n\t\t\t\t<div class=\"elementor-element elementor-element-5931c70 elementor-widget elementor-widget-heading\" data-id=\"5931c70\" data-element_type=\"widget\" data-widget_type=\"heading.default\">\n\t\t\t\t<div class=\"elementor-widget-container\">\n\t\t\t<h2 class=\"elementor-heading-title elementor-size-default\">\u0130\u00e7erik<\/h2>\t\t<\/div>\n\t\t\t\t<\/div>\n\t\t\t\t<div class=\"elementor-element elementor-element-52b0b73 elementor-widget elementor-widget-text-editor\" data-id=\"52b0b73\" data-element_type=\"widget\" data-widget_type=\"text-editor.default\">\n\t\t\t\t<div class=\"elementor-widget-container\">\n\t\t\t<style>\/*! elementor - v3.6.6 - 08-06-2022 *\/\n.elementor-widget-text-editor.elementor-drop-cap-view-stacked .elementor-drop-cap{background-color:#818a91;color:#fff}.elementor-widget-text-editor.elementor-drop-cap-view-framed .elementor-drop-cap{color:#818a91;border:3px solid;background-color:transparent}.elementor-widget-text-editor:not(.elementor-drop-cap-view-default) .elementor-drop-cap{margin-top:8px}.elementor-widget-text-editor:not(.elementor-drop-cap-view-default) .elementor-drop-cap-letter{width:1em;height:1em}.elementor-widget-text-editor .elementor-drop-cap{float:left;text-align:center;line-height:1;font-size:50px}.elementor-widget-text-editor .elementor-drop-cap-letter{display:inline-block}<\/style>\t\t\t\t<p>Firma ismi,Ne al\u0131yor,Hangi fiyattan al\u0131yor?<\/p><ul><li>Yabanc\u0131 g\u00fcmr\u00fcklerden al\u0131nm\u0131\u015f, %100 garantili, son 5 seneye ait g\u00fcncel ve do\u011fru bilgiler.<\/li><li>B\u00fct\u00fcn ithalat\u00e7\u0131 Firma isimleri<\/li><li>Her firman\u0131n ayr\u0131 ayr\u0131 ithalat rakamlar\u0131<\/li><li>Her firman\u0131n al\u0131m yapt\u0131\u011f\u0131 \u00fclkeler, adetler ve USD baz\u0131nda ithalat rakamlar\u0131<\/li><li>Her firman\u0131n al\u0131m yapt\u0131\u011f\u0131 tedarik\u00e7i bilgisi (belli \u00fclkeler i\u00e7in ge\u00e7erlidir)<\/li><li>Hedef Pazardaki stratejinizi belirlemek i\u00e7in ithalat\u00e7\u0131 her firman\u0131n ithalat birim fiyat\u0131<\/li><li>Firma baz\u0131nda \u00fclkedeki b\u00fct\u00fcn ithalat rakamlar\u0131<\/li><\/ul><p>*1 \u00dcLKE VE 1 GT\u0130P numaras\u0131 (6 haneli) i\u00e7in ge\u00e7erlidir. \u0130lave her GT\u0130P \u00fccreti 99 USD + KDV\u2019dir.<\/p><p><u>Teslim S\u00fcresi 1-2 hafta<\/u><\/p>\t\t\t\t\t\t<\/div>\n\t\t\t\t<\/div>\n\t\t\t\t\t<\/div>\n\t\t<\/div>\n\t\t\t\t<div class=\"elementor-column elementor-col-33 elementor-top-column elementor-element elementor-element-28e191a\" data-id=\"28e191a\" data-element_type=\"column\">\n\t\t\t<div class=\"elementor-widget-wrap elementor-element-populated\">\n\t\t\t\t\t\t\t\t<div class=\"elementor-element elementor-element-7111d8b elementor-widget elementor-widget-image\" data-id=\"7111d8b\" data-element_type=\"widget\" data-widget_type=\"image.default\">\n\t\t\t\t<div class=\"elementor-widget-container\">\n\t\t\t\t\t\t\t\t\t\t\t\t\t\t\t<img loading=\"lazy\" decoding=\"async\" width=\"599\" height=\"395\" src=\"https:\/\/puentotrade.com\/wp-content\/uploads\/2022\/04\/btn2.webp\" class=\"attachment-large size-large\" alt=\"\" srcset=\"https:\/\/puentotrade.com\/wp-content\/uploads\/2022\/04\/btn2.webp 599w, https:\/\/puentotrade.com\/wp-content\/uploads\/2022\/04\/btn2-300x198.webp 300w\" sizes=\"auto, (max-width: 599px) 100vw, 599px\" \/>\t\t\t\t\t\t\t\t\t\t\t\t\t\t\t<\/div>\n\t\t\t\t<\/div>\n\t\t\t\t<div class=\"elementor-element elementor-element-13b12b9 elementor-widget elementor-widget-heading\" data-id=\"13b12b9\" data-element_type=\"widget\" data-widget_type=\"heading.default\">\n\t\t\t\t<div class=\"elementor-widget-container\">\n\t\t\t<h2 class=\"elementor-heading-title elementor-size-default\">\u0130\u00e7erik<\/h2>\t\t<\/div>\n\t\t\t\t<\/div>\n\t\t\t\t<div class=\"elementor-element elementor-element-ba54a8c elementor-widget elementor-widget-text-editor\" data-id=\"ba54a8c\" data-element_type=\"widget\" data-widget_type=\"text-editor.default\">\n\t\t\t\t<div class=\"elementor-widget-container\">\n\t\t\t\t\t\t\t<p>Sizin Ad\u0131n\u0131za Potansiyel M\u00fc\u015fteriler ile \u0130spanyolca\/Portekizce Yaz\u0131\u015fal\u0131m, Telefonla G\u00f6r\u00fc\u015felim, \u00dcr\u00fcnlerinizi Teklif Edelim, \u0130lgilenen Firmalar ile Size Toplant\u0131 Ayarlayal\u0131m.<\/p><ul><li>Potansiyel \u00fclkelerin belirlenmesi.<\/li><li>7 \u00fclkede*** 100\u2019\u00fcn \u00fczerinde nitelikli firman\u0131n taranmas\u0131<\/li><li>Aralar\u0131ndan sizin onaylayaca\u011f\u0131n\u0131z 40-50 firman\u0131n \u00f6zenle se\u00e7ilip belirlenmesi<\/li><li>Bunlar\u0131n aras\u0131ndan da belirleyece\u011finiz ger\u00e7ek potansiyel al\u0131c\u0131 olabilecek 25 tanesi ile ispanyolca temasa ge\u00e7ilmesi (mail ve telefon)<\/li><li>Temasa ge\u00e7ilen bu 25 firmadan yakla\u015f\u0131k 10-15 tanesine fiyat teklifi ge\u00e7me.<\/li><li>1 hafta (5 i\u015f g\u00fcn\u00fc) s\u00fcrecek olan B2B i\u015f seyahati i\u00e7in 8-10 firma ile toplant\u0131lar\u0131n organize edilmesi.<\/li><\/ul><p>**1 HAFTALIK B2B \u0130\u015e SEYAHATLER\u0130 VE 1 GT\u0130P numaras\u0131 (6 haneli) i\u00e7in ge\u00e7erlidir. \u0130lave her GT\u0130P \u00fccreti 699 USD + KDV\u2019dir.<br \/>***Arjantin, Uruguay, \u015eili, Peru, Ekvator, Kolombiya, Panama<\/p><p><u>Teslim S\u00fcresi: 8 hafta<\/u><\/p>\t\t\t\t\t\t<\/div>\n\t\t\t\t<\/div>\n\t\t\t\t\t<\/div>\n\t\t<\/div>\n\t\t\t\t<div class=\"elementor-column elementor-col-33 elementor-top-column elementor-element elementor-element-a6ec1f0\" data-id=\"a6ec1f0\" data-element_type=\"column\">\n\t\t\t<div class=\"elementor-widget-wrap elementor-element-populated\">\n\t\t\t\t\t\t\t\t<div class=\"elementor-element elementor-element-dc3045c elementor-widget elementor-widget-image\" data-id=\"dc3045c\" data-element_type=\"widget\" data-widget_type=\"image.default\">\n\t\t\t\t<div class=\"elementor-widget-container\">\n\t\t\t\t\t\t\t\t\t\t\t\t\t\t\t<img loading=\"lazy\" decoding=\"async\" width=\"599\" height=\"395\" src=\"https:\/\/puentotrade.com\/wp-content\/uploads\/2022\/04\/btn3.webp\" class=\"attachment-large size-large\" alt=\"\" srcset=\"https:\/\/puentotrade.com\/wp-content\/uploads\/2022\/04\/btn3.webp 599w, https:\/\/puentotrade.com\/wp-content\/uploads\/2022\/04\/btn3-300x198.webp 300w\" sizes=\"auto, (max-width: 599px) 100vw, 599px\" \/>\t\t\t\t\t\t\t\t\t\t\t\t\t\t\t<\/div>\n\t\t\t\t<\/div>\n\t\t\t\t<div class=\"elementor-element elementor-element-a8c6765 elementor-widget elementor-widget-heading\" data-id=\"a8c6765\" data-element_type=\"widget\" data-widget_type=\"heading.default\">\n\t\t\t\t<div class=\"elementor-widget-container\">\n\t\t\t<h2 class=\"elementor-heading-title elementor-size-default\">\u0130\u00e7erik<\/h2>\t\t<\/div>\n\t\t\t\t<\/div>\n\t\t\t\t<div class=\"elementor-element elementor-element-ce7998a elementor-widget elementor-widget-text-editor\" data-id=\"ce7998a\" data-element_type=\"widget\" data-widget_type=\"text-editor.default\">\n\t\t\t\t<div class=\"elementor-widget-container\">\n\t\t\t\t\t\t\t<p>Sat\u0131\u015f\u0131 Ba\u011flamak \u0130\u00e7in \u00c7\u0131kt\u0131\u011f\u0131n\u0131z Seyahatte G\u00fcvenlik ve Dil Sorunu Olmadan Toplant\u0131lar\u0131n\u0131z\u0131 Yap\u0131p, Sat\u0131\u015f\u0131 Ger\u00e7ekle\u015ftireceksiniz. Seyahat Program\u0131n\u0131z\u0131 Verimli \u015eekilde Organize Edelim ki Hi\u00e7 Zaman Kaybetmeyin.<\/p><ul><li>Havaliman\u0131ndan otelinize g\u00fcvenli, l\u00fcks, ve rahat bir \u015fekilde transfer<\/li><li>B\u00fct\u00fcn toplant\u0131lar\u0131n\u0131za e\u015flik edecek profesyonel ve sertifikal\u0131 ispanyolca-ingilizce terc\u00fcman<\/li><li>Seyahatin ajandas\u0131, otel u\u00e7ak koordinasyonunda destek, seyahat \u00f6ncesi \u00f6nemli bilgi aktar\u0131m\u0131<\/li><li>Genel seyahat koordinasyonunun verimli bir \u015fekilde yap\u0131lmas\u0131.<\/li><\/ul><p>****1 HAFTALIK B2B \u0130\u015e SEYAHATLER\u0130 ve 1 GT\u0130P numaras\u0131 (6 haneli) i\u00e7in ge\u00e7erlidir.<\/p><p><u>Teslim S\u00fcresi: 2 hafta<\/u><\/p>\t\t\t\t\t\t<\/div>\n\t\t\t\t<\/div>\n\t\t\t\t\t<\/div>\n\t\t<\/div>\n\t\t\t\t\t\t\t<\/div>\n\t\t<\/section>\n\t\t\t\t<section class=\"elementor-section elementor-top-section elementor-element elementor-element-5f948b6 elementor-section-boxed elementor-section-height-default elementor-section-height-default\" data-id=\"5f948b6\" data-element_type=\"section\">\n\t\t\t\t\t\t<div class=\"elementor-container elementor-column-gap-default\">\n\t\t\t\t\t<div class=\"elementor-column elementor-col-100 elementor-top-column elementor-element elementor-element-2e39197\" data-id=\"2e39197\" data-element_type=\"column\">\n\t\t\t<div class=\"elementor-widget-wrap elementor-element-populated\">\n\t\t\t\t\t\t\t\t<div class=\"elementor-element elementor-element-c3683e6 elementor-widget elementor-widget-text-editor\" data-id=\"c3683e6\" data-element_type=\"widget\" data-widget_type=\"text-editor.default\">\n\t\t\t\t<div class=\"elementor-widget-container\">\n\t\t\t\t\t\t\t<div class=\"mh-wrapper mh-full-content\"><div class=\"post-574 page type-page status-publish hentry\"><div class=\"entry clearfix\"><div class=\"detail-row\"><p><strong>NOT: H\u0130ZMETLER\u0130M\u0130Z DEVLET TE\u015eV\u0130KLER\u0130 KAPSAMINA G\u0130REB\u0130LMEKTED\u0130R.<\/strong><\/p><\/div><\/div><\/div><\/div><footer class=\"row clearfix\"><div class=\"mq-footer\"><div id=\"text-5\" class=\"footer-widget footer-1 widget_text\"><div class=\"textwidget\">\u00a0<\/div><\/div><\/div><\/footer>\t\t\t\t\t\t<\/div>\n\t\t\t\t<\/div>\n\t\t\t\t\t<\/div>\n\t\t<\/div>\n\t\t\t\t\t\t\t<\/div>\n\t\t<\/section>\n\t\t\t\t\t\t\t<\/div>\n\t\t","protected":false},"excerpt":{"rendered":"<p>Kampanyalar \u0130\u00e7erik Firma ismi,Ne al\u0131yor,Hangi fiyattan al\u0131yor? Yabanc\u0131 g\u00fcmr\u00fcklerden al\u0131nm\u0131\u015f, %100 garantili, son 5 seneye ait g\u00fcncel ve do\u011fru bilgiler. B\u00fct\u00fcn ithalat\u00e7\u0131 Firma isimleri Her firman\u0131n ayr\u0131 ayr\u0131 ithalat rakamlar\u0131 Her firman\u0131n al\u0131m yapt\u0131\u011f\u0131 \u00fclkeler, adetler ve USD baz\u0131nda ithalat rakamlar\u0131 Her firman\u0131n al\u0131m yapt\u0131\u011f\u0131 tedarik\u00e7i bilgisi (belli \u00fclkeler i\u00e7in ge\u00e7erlidir) Hedef Pazardaki stratejinizi belirlemek &hellip;<\/p>\n<p class=\"read-more\"> <a class=\"\" href=\"https:\/\/puentotrade.com\/tr\/kampanyalar\/\"> <span class=\"screen-reader-text\">Kampanyalar<\/span> Devam\u0131 &raquo;<\/a><\/p>\n","protected":false},"author":1,"featured_media":0,"parent":0,"menu_order":0,"comment_status":"closed","ping_status":"closed","template":"","meta":{"site-sidebar-layout":"no-sidebar","site-content-layout":"page-builder","ast-global-header-display":"","ast-main-header-display":"","ast-hfb-above-header-display":"","ast-hfb-below-header-display":"","ast-hfb-mobile-header-display":"","site-post-title":"disabled","ast-breadcrumbs-content":"","ast-featured-img":"disabled","footer-sml-layout":"","theme-transparent-header-meta":"default","adv-header-id-meta":"","stick-header-meta":"","header-above-stick-meta":"","header-main-stick-meta":"","header-below-stick-meta":"","footnotes":""},"class_list":["post-223","page","type-page","status-publish","hentry"],"_links":{"self":[{"href":"https:\/\/puentotrade.com\/tr\/wp-json\/wp\/v2\/pages\/223","targetHints":{"allow":["GET"]}}],"collection":[{"href":"https:\/\/puentotrade.com\/tr\/wp-json\/wp\/v2\/pages"}],"about":[{"href":"https:\/\/puentotrade.com\/tr\/wp-json\/wp\/v2\/types\/page"}],"author":[{"embeddable":true,"href":"https:\/\/puentotrade.com\/tr\/wp-json\/wp\/v2\/users\/1"}],"replies":[{"embeddable":true,"href":"https:\/\/puentotrade.com\/tr\/wp-json\/wp\/v2\/comments?post=223"}],"version-history":[{"count":7,"href":"https:\/\/puentotrade.com\/tr\/wp-json\/wp\/v2\/pages\/223\/revisions"}],"predecessor-version":[{"id":234,"href":"https:\/\/puentotrade.com\/tr\/wp-json\/wp\/v2\/pages\/223\/revisions\/234"}],"wp:attachment":[{"href":"https:\/\/puentotrade.com\/tr\/wp-json\/wp\/v2\/media?parent=223"}],"curies":[{"name":"wp","href":"https:\/\/api.w.org\/{rel}","templated":true}]}}