{"id":181,"date":"2022-04-14T10:33:17","date_gmt":"2022-04-14T07:33:17","guid":{"rendered":"https:\/\/puentotrade.com\/?page_id=181"},"modified":"2022-04-14T10:37:29","modified_gmt":"2022-04-14T07:37:29","slug":"neden-latin-amerika","status":"publish","type":"page","link":"https:\/\/puentotrade.com\/tr\/neden-latin-amerika\/","title":{"rendered":"Neden Latin Amerika?"},"content":{"rendered":"\t\t<div data-elementor-type=\"wp-page\" data-elementor-id=\"181\" class=\"elementor elementor-181\">\n\t\t\t\t\t\t\t\t\t<section class=\"elementor-section elementor-top-section elementor-element elementor-element-589f08b elementor-section-full_width elementor-section-height-min-height elementor-section-height-default elementor-section-items-middle\" data-id=\"589f08b\" data-element_type=\"section\" data-settings=\"{&quot;background_background&quot;:&quot;classic&quot;}\">\n\t\t\t\t\t\t\t<div class=\"elementor-background-overlay\"><\/div>\n\t\t\t\t\t\t\t<div class=\"elementor-container elementor-column-gap-no\">\n\t\t\t\t\t<div class=\"elementor-column elementor-col-100 elementor-top-column elementor-element elementor-element-fcdaabd\" data-id=\"fcdaabd\" data-element_type=\"column\">\n\t\t\t<div class=\"elementor-widget-wrap elementor-element-populated\">\n\t\t\t\t\t\t\t\t<div class=\"elementor-element elementor-element-f4c1da3 elementor-widget elementor-widget-heading\" data-id=\"f4c1da3\" data-element_type=\"widget\" data-widget_type=\"heading.default\">\n\t\t\t\t<div class=\"elementor-widget-container\">\n\t\t\t<style>\/*! elementor - v3.6.6 - 08-06-2022 *\/\n.elementor-heading-title{padding:0;margin:0;line-height:1}.elementor-widget-heading .elementor-heading-title[class*=elementor-size-]>a{color:inherit;font-size:inherit;line-height:inherit}.elementor-widget-heading .elementor-heading-title.elementor-size-small{font-size:15px}.elementor-widget-heading .elementor-heading-title.elementor-size-medium{font-size:19px}.elementor-widget-heading .elementor-heading-title.elementor-size-large{font-size:29px}.elementor-widget-heading .elementor-heading-title.elementor-size-xl{font-size:39px}.elementor-widget-heading .elementor-heading-title.elementor-size-xxl{font-size:59px}<\/style><h1 class=\"elementor-heading-title elementor-size-default\">Latin Amerika \u00dclkeleri<\/h1>\t\t<\/div>\n\t\t\t\t<\/div>\n\t\t\t\t\t<\/div>\n\t\t<\/div>\n\t\t\t\t\t\t\t<\/div>\n\t\t<\/section>\n\t\t\t\t<section class=\"elementor-section elementor-top-section elementor-element elementor-element-19ad6b5 elementor-section-boxed elementor-section-height-default elementor-section-height-default\" data-id=\"19ad6b5\" data-element_type=\"section\">\n\t\t\t\t\t\t<div class=\"elementor-container elementor-column-gap-default\">\n\t\t\t\t\t<div class=\"elementor-column elementor-col-100 elementor-top-column elementor-element elementor-element-b430fc7\" data-id=\"b430fc7\" data-element_type=\"column\">\n\t\t\t<div class=\"elementor-widget-wrap elementor-element-populated\">\n\t\t\t\t\t\t\t\t<div class=\"elementor-element elementor-element-53624da elementor-widget elementor-widget-text-editor\" data-id=\"53624da\" data-element_type=\"widget\" data-widget_type=\"text-editor.default\">\n\t\t\t\t<div class=\"elementor-widget-container\">\n\t\t\t<style>\/*! elementor - v3.6.6 - 08-06-2022 *\/\n.elementor-widget-text-editor.elementor-drop-cap-view-stacked .elementor-drop-cap{background-color:#818a91;color:#fff}.elementor-widget-text-editor.elementor-drop-cap-view-framed .elementor-drop-cap{color:#818a91;border:3px solid;background-color:transparent}.elementor-widget-text-editor:not(.elementor-drop-cap-view-default) .elementor-drop-cap{margin-top:8px}.elementor-widget-text-editor:not(.elementor-drop-cap-view-default) .elementor-drop-cap-letter{width:1em;height:1em}.elementor-widget-text-editor .elementor-drop-cap{float:left;text-align:center;line-height:1;font-size:50px}.elementor-widget-text-editor .elementor-drop-cap-letter{display:inline-block}<\/style>\t\t\t\t<p>\u00dclkemizdeki pek \u00e7ok firma ihracat rakamlar\u0131n\u0131 b\u00fcy\u00fctmek i\u00e7in s\u00fcrekli olarak yeni Pazar aray\u0131\u015f\u0131 i\u00e7indeler. Y\u00fcksek ithalat hacmi g\u00f6z \u00f6n\u00fcne al\u0131nd\u0131\u011f\u0131nda Latin Amerika \u00fclkeleri bu t\u00fcr firmalar\u0131n \u00f6ncelikli hedeflerinden birisi durumunda. \u00d6zellikle Meksika, Arjantin, Brezilya ve \u015eili\u2019nin ba\u015f\u0131 \u00e7ekti\u011fi bu pazar <strong>1 trilyon dolar\u0131 a\u015fk\u0131n ithalat\u0131yla T\u00fcrk \u015firketleri i\u00e7in \u00e7ok \u00f6nemli f\u0131rsatlar bar\u0131nd\u0131r\u0131yor.<\/strong><\/p><p>Dikkat \u00e7eken ikinci \u00f6nemli noktaysa ba\u015fta Brezilya olmak \u00fczere neredeyse t\u00fcm Latin Amerika \u00fclkelerinde<b> t\u00fcketim e\u011filiminin art\u0131yor olmas\u0131.<\/b> Yurti\u00e7i talep Latin Amerika \u00fclkelerinin b\u00fcy\u00fcmesinde adeta motor g\u00f6revi \u00fcstlenmi\u015f durumda. Fakirlik ve i\u015fsizlik oranlar\u0131ysa bir\u00e7ok \u00fclkede tarihin en d\u00fc\u015f\u00fck seviyelerinde. \u00d6rne\u011fin \u015eili\u2019de bu oran % 6\u2019ya kadar d\u00fc\u015fm\u00fc\u015f durumda.<\/p><p>Fakirlik ve i\u015fsizli\u011fin d\u00fc\u015fmesine paralel olarak orta s\u0131n\u0131f ise her ge\u00e7en g\u00fcn geli\u015fiyor. Ge\u00e7ti\u011fimiz on y\u0131l i\u00e7inde Brezilya, Kolombiya, Peru, Ekvator, Meksika, \u015eili ve Arjantin\u2019de milyonlarca insan yoksulluk s\u0131n\u0131r\u0131ndan yukar\u0131ya \u00e7\u0131kt\u0131. Bu da do\u011fal olarak i\u00e7 t\u00fcketimi artt\u0131rd\u0131. \u00dcstelik hemen herkese g\u00f6re, Latin Amerika<b> do\u011fal kaynaklar\u0131yla, gen\u00e7 dinamik n\u00fcfusuyla, d\u00fcnyadaki sava\u015f b\u00f6lgelerinden uzakl\u0131\u011f\u0131yla<\/b> gelecekte \u00e7ok daha parlak bir tablonun i\u00e7inde kendine yer bulmay\u0131 ba\u015faracak.<\/p><p>Ayr\u0131ca <b>d\u00fcnyan\u0131n \u00fc\u00e7\u00fcnc\u00fc b\u00fcy\u00fck ekonomik entegrasyonu<\/b> da bu b\u00f6lgede yer al\u0131yor. 1991 tarihinde imzalanan anla\u015fmayla Brezilya, Arjantin, Uruguay ve Paraguay taraf\u0131ndan G\u00fcney Ortak Pazar\u0131 ad\u0131 verilen <b>MERCOSUR<\/b> kuruldu. B\u00f6ylece AB ve NAFTA\u2019n\u0131n ard\u0131ndan d\u00fcnyan\u0131n \u00fc\u00e7\u00fcnc\u00fc b\u00fcy\u00fck ekonomik entegrasyonuna hayat verildi. Bu entegrasyonun yan\u0131 s\u0131ra 2012 y\u0131l\u0131nda <b>Pasifik \u0130ttifak\u0131<\/b>\u2019n\u0131n \u015eili, Peru, Kolombiya ve Meksika taraf\u0131ndan kurulmas\u0131yla da Latin Amerika\u2019daki ikinci b\u00fcy\u00fck ticaret pakt\u0131 kurulmu\u015f oldu. B\u00fct\u00fcn bu geli\u015fmeler g\u00f6z \u00f6n\u00fcnde bulunduruldu\u011funda Latin Amerika B\u00f6lgesinin, T\u00fcrk firmalar\u0131 i\u00e7in \u00e7ok \u00f6nemli ticari f\u0131rsat bar\u0131nd\u0131rd\u0131\u011f\u0131n\u0131 s\u00f6yleyebiliriz.<\/p>\t\t\t\t\t\t<\/div>\n\t\t\t\t<\/div>\n\t\t\t\t\t<\/div>\n\t\t<\/div>\n\t\t\t\t\t\t\t<\/div>\n\t\t<\/section>\n\t\t\t\t\t\t\t<\/div>\n\t\t","protected":false},"excerpt":{"rendered":"<p>Latin Amerika \u00dclkeleri \u00dclkemizdeki pek \u00e7ok firma ihracat rakamlar\u0131n\u0131 b\u00fcy\u00fctmek i\u00e7in s\u00fcrekli olarak yeni Pazar aray\u0131\u015f\u0131 i\u00e7indeler. Y\u00fcksek ithalat hacmi g\u00f6z \u00f6n\u00fcne al\u0131nd\u0131\u011f\u0131nda Latin Amerika \u00fclkeleri bu t\u00fcr firmalar\u0131n \u00f6ncelikli hedeflerinden birisi durumunda. \u00d6zellikle Meksika, Arjantin, Brezilya ve \u015eili\u2019nin ba\u015f\u0131 \u00e7ekti\u011fi bu pazar 1 trilyon dolar\u0131 a\u015fk\u0131n ithalat\u0131yla T\u00fcrk \u015firketleri i\u00e7in \u00e7ok \u00f6nemli f\u0131rsatlar bar\u0131nd\u0131r\u0131yor. &hellip;<\/p>\n<p class=\"read-more\"> <a class=\"\" href=\"https:\/\/puentotrade.com\/tr\/neden-latin-amerika\/\"> <span class=\"screen-reader-text\">Neden Latin Amerika?<\/span> Devam\u0131 &raquo;<\/a><\/p>\n","protected":false},"author":1,"featured_media":0,"parent":0,"menu_order":0,"comment_status":"closed","ping_status":"closed","template":"","meta":{"site-sidebar-layout":"no-sidebar","site-content-layout":"page-builder","ast-global-header-display":"","ast-main-header-display":"","ast-hfb-above-header-display":"","ast-hfb-below-header-display":"","ast-hfb-mobile-header-display":"","site-post-title":"disabled","ast-breadcrumbs-content":"","ast-featured-img":"disabled","footer-sml-layout":"","theme-transparent-header-meta":"default","adv-header-id-meta":"","stick-header-meta":"","header-above-stick-meta":"","header-main-stick-meta":"","header-below-stick-meta":"","footnotes":""},"class_list":["post-181","page","type-page","status-publish","hentry"],"_links":{"self":[{"href":"https:\/\/puentotrade.com\/tr\/wp-json\/wp\/v2\/pages\/181","targetHints":{"allow":["GET"]}}],"collection":[{"href":"https:\/\/puentotrade.com\/tr\/wp-json\/wp\/v2\/pages"}],"about":[{"href":"https:\/\/puentotrade.com\/tr\/wp-json\/wp\/v2\/types\/page"}],"author":[{"embeddable":true,"href":"https:\/\/puentotrade.com\/tr\/wp-json\/wp\/v2\/users\/1"}],"replies":[{"embeddable":true,"href":"https:\/\/puentotrade.com\/tr\/wp-json\/wp\/v2\/comments?post=181"}],"version-history":[{"count":7,"href":"https:\/\/puentotrade.com\/tr\/wp-json\/wp\/v2\/pages\/181\/revisions"}],"predecessor-version":[{"id":188,"href":"https:\/\/puentotrade.com\/tr\/wp-json\/wp\/v2\/pages\/181\/revisions\/188"}],"wp:attachment":[{"href":"https:\/\/puentotrade.com\/tr\/wp-json\/wp\/v2\/media?parent=181"}],"curies":[{"name":"wp","href":"https:\/\/api.w.org\/{rel}","templated":true}]}}