{"id":127,"date":"2022-04-12T20:51:01","date_gmt":"2022-04-12T17:51:01","guid":{"rendered":"https:\/\/puentotrade.com\/?page_id=127"},"modified":"2022-04-20T21:22:29","modified_gmt":"2022-04-20T18:22:29","slug":"hizmetlerimiz","status":"publish","type":"page","link":"https:\/\/puentotrade.com\/tr\/hizmetlerimiz\/","title":{"rendered":"Hizmetlerimiz"},"content":{"rendered":"\t\t<div data-elementor-type=\"wp-page\" data-elementor-id=\"127\" class=\"elementor elementor-127\">\n\t\t\t\t\t\t\t\t\t<section class=\"elementor-section elementor-top-section elementor-element elementor-element-589f08b elementor-section-full_width elementor-section-height-min-height elementor-section-height-default elementor-section-items-middle\" data-id=\"589f08b\" data-element_type=\"section\" data-settings=\"{&quot;background_background&quot;:&quot;classic&quot;}\">\n\t\t\t\t\t\t\t<div class=\"elementor-background-overlay\"><\/div>\n\t\t\t\t\t\t\t<div class=\"elementor-container elementor-column-gap-no\">\n\t\t\t\t\t<div class=\"elementor-column elementor-col-100 elementor-top-column elementor-element elementor-element-fcdaabd\" data-id=\"fcdaabd\" data-element_type=\"column\">\n\t\t\t<div class=\"elementor-widget-wrap elementor-element-populated\">\n\t\t\t\t\t\t\t\t<div class=\"elementor-element elementor-element-f4c1da3 elementor-widget elementor-widget-heading\" data-id=\"f4c1da3\" data-element_type=\"widget\" data-widget_type=\"heading.default\">\n\t\t\t\t<div class=\"elementor-widget-container\">\n\t\t\t<style>\/*! elementor - v3.6.6 - 08-06-2022 *\/\n.elementor-heading-title{padding:0;margin:0;line-height:1}.elementor-widget-heading .elementor-heading-title[class*=elementor-size-]>a{color:inherit;font-size:inherit;line-height:inherit}.elementor-widget-heading .elementor-heading-title.elementor-size-small{font-size:15px}.elementor-widget-heading .elementor-heading-title.elementor-size-medium{font-size:19px}.elementor-widget-heading .elementor-heading-title.elementor-size-large{font-size:29px}.elementor-widget-heading .elementor-heading-title.elementor-size-xl{font-size:39px}.elementor-widget-heading .elementor-heading-title.elementor-size-xxl{font-size:59px}<\/style><h1 class=\"elementor-heading-title elementor-size-default\">Hizmetlerimiz<\/h1>\t\t<\/div>\n\t\t\t\t<\/div>\n\t\t\t\t\t<\/div>\n\t\t<\/div>\n\t\t\t\t\t\t\t<\/div>\n\t\t<\/section>\n\t\t\t\t<section class=\"elementor-section elementor-top-section elementor-element elementor-element-19ad6b5 elementor-section-boxed elementor-section-height-default elementor-section-height-default\" data-id=\"19ad6b5\" data-element_type=\"section\">\n\t\t\t\t\t\t<div class=\"elementor-container elementor-column-gap-default\">\n\t\t\t\t\t<div class=\"elementor-column elementor-col-100 elementor-top-column elementor-element elementor-element-b430fc7\" data-id=\"b430fc7\" data-element_type=\"column\">\n\t\t\t<div class=\"elementor-widget-wrap elementor-element-populated\">\n\t\t\t\t\t\t\t\t<div class=\"elementor-element elementor-element-15b3c6b elementor-widget elementor-widget-text-editor\" data-id=\"15b3c6b\" data-element_type=\"widget\" data-widget_type=\"text-editor.default\">\n\t\t\t\t<div class=\"elementor-widget-container\">\n\t\t\t<style>\/*! elementor - v3.6.6 - 08-06-2022 *\/\n.elementor-widget-text-editor.elementor-drop-cap-view-stacked .elementor-drop-cap{background-color:#818a91;color:#fff}.elementor-widget-text-editor.elementor-drop-cap-view-framed .elementor-drop-cap{color:#818a91;border:3px solid;background-color:transparent}.elementor-widget-text-editor:not(.elementor-drop-cap-view-default) .elementor-drop-cap{margin-top:8px}.elementor-widget-text-editor:not(.elementor-drop-cap-view-default) .elementor-drop-cap-letter{width:1em;height:1em}.elementor-widget-text-editor .elementor-drop-cap{float:left;text-align:center;line-height:1;font-size:50px}.elementor-widget-text-editor .elementor-drop-cap-letter{display:inline-block}<\/style>\t\t\t\t<p><b>Ticaret: \u0130hracat-\u0130thalat-AB i\u00e7inde Sat\u0131\u015f.<br \/><\/b><a style=\"font-family: -apple-system, BlinkMacSystemFont, 'Segoe UI', Roboto, Oxygen-Sans, Ubuntu, Cantarell, 'Helvetica Neue', sans-serif; font-size: 1rem; font-weight: inherit;\" href=\"https:\/\/www.reyexmaq.com\/en\/about\/\" target=\"_blank\" rel=\"noopener\">https:\/\/www.reyexmaq.com\/en\/about\/<\/a><\/p><p>Y\u00f6netim Ekibimizin makine, tar\u0131m, emtia ve end\u00fcstriyel \u00fcr\u00fcnler gibi B2B \u00dcr\u00fcnlerde y\u00fcr\u00fctt\u00fc\u011f\u00fc \u00f6nemli ticari faaliyetlerin yan\u0131 s\u0131ra d\u00fcnyaca \u00fcnl\u00fc perakende markalar\u0131ndan IKEA ve BEKO\u2019da kazan\u0131lan tecr\u00fcbelerimiz sayesinde hem perakende, h\u0131zl\u0131 t\u00fcketim \u00fcr\u00fcnlerinin hem de B2B \u00fcr\u00fcnlerin ticaretini yapmaktay\u0131z.<\/p><p><b><img loading=\"lazy\" decoding=\"async\" class=\"alignnone size-full wp-image-807\" src=\"http:\/\/puentotrade.com\/wp-content\/uploads\/2022\/04\/TradeMission.webp\" alt=\"\" width=\"287\" height=\"138\" \/><\/b><\/p><p><b>Ticari Dan\u0131\u015fmanl\u0131k<\/b><\/p><p>* M\u00fc\u015fterilerimizle i\u015f ortakl\u0131\u011f\u0131 yap\u0131yoruz: Y\u00f6netim Ekibi, ve ilgili Departmanlar ile yak\u0131n i\u015fbirli\u011fi i\u00e7inde \u00e7al\u0131\u015f\u0131yoruz.<\/p><p>* Firman\u0131z\u0131n uluslararas\u0131la\u015fmas\u0131 i\u00e7in deste\u011fimizi sunuyor, ticari s\u00f6zle\u015fmelerinizin m\u00fczakeresini y\u00f6netiyoruz.<\/p><p>* Deneyimli dan\u0131\u015fman ekibimiz ilgili \u00fclkeleri s\u0131k s\u0131k ziyaret ederek m\u00fc\u015fterilerimize \u201cyerinde hizmet\u201d sunmaktad\u0131r.<\/p><p>* Latin Amerika, Avrupa ve T\u00fcrkiye&#8217;deki yerel \u00e7\u00f6z\u00fcm ortaklar\u0131m\u0131z sayesinde taahh\u00fct etti\u011fimiz her proje \u00fcst d\u00fczeyde y\u00f6netilebilir hale geliyor ve optimum verimlilik seviyelerinde sonu\u00e7lan\u0131yor.<\/p><p>* T\u00fcrkiye&#8217;nin k\u00fcresel tedarik zincirinde \u00f6nemli bir oyuncu haline gelmesinin artan \u00f6nemine tan\u0131k olarak, T\u00fcrkiye&#8217;deki stratejik i\u015fbirlikleri arac\u0131l\u0131\u011f\u0131yla en iyi tedarik\u00e7iyi bularak veya herhangi bir yat\u0131r\u0131m i\u00e7in titiz de\u011ferlendirme ve analiz gerektiren \u00e7al\u0131\u015fmalar\u0131m\u0131zla uluslararas\u0131 \u015firketlere hizmet veriyoruz.<\/p>\t\t\t\t\t\t<\/div>\n\t\t\t\t<\/div>\n\t\t\t\t\t<\/div>\n\t\t<\/div>\n\t\t\t\t\t\t\t<\/div>\n\t\t<\/section>\n\t\t\t\t\t\t\t<\/div>\n\t\t","protected":false},"excerpt":{"rendered":"<p>Hizmetlerimiz Ticaret: \u0130hracat-\u0130thalat-AB i\u00e7inde Sat\u0131\u015f.https:\/\/www.reyexmaq.com\/en\/about\/ Y\u00f6netim Ekibimizin makine, tar\u0131m, emtia ve end\u00fcstriyel \u00fcr\u00fcnler gibi B2B \u00dcr\u00fcnlerde y\u00fcr\u00fctt\u00fc\u011f\u00fc \u00f6nemli ticari faaliyetlerin yan\u0131 s\u0131ra d\u00fcnyaca \u00fcnl\u00fc perakende markalar\u0131ndan IKEA ve BEKO\u2019da kazan\u0131lan tecr\u00fcbelerimiz sayesinde hem perakende, h\u0131zl\u0131 t\u00fcketim \u00fcr\u00fcnlerinin hem de B2B \u00fcr\u00fcnlerin ticaretini yapmaktay\u0131z. Ticari Dan\u0131\u015fmanl\u0131k * M\u00fc\u015fterilerimizle i\u015f ortakl\u0131\u011f\u0131 yap\u0131yoruz: Y\u00f6netim Ekibi, ve ilgili Departmanlar &hellip;<\/p>\n<p class=\"read-more\"> <a class=\"\" href=\"https:\/\/puentotrade.com\/tr\/hizmetlerimiz\/\"> <span class=\"screen-reader-text\">Hizmetlerimiz<\/span> Devam\u0131 &raquo;<\/a><\/p>\n","protected":false},"author":1,"featured_media":0,"parent":0,"menu_order":0,"comment_status":"closed","ping_status":"closed","template":"","meta":{"site-sidebar-layout":"no-sidebar","site-content-layout":"page-builder","ast-global-header-display":"","ast-main-header-display":"","ast-hfb-above-header-display":"","ast-hfb-below-header-display":"","ast-hfb-mobile-header-display":"","site-post-title":"disabled","ast-breadcrumbs-content":"","ast-featured-img":"disabled","footer-sml-layout":"","theme-transparent-header-meta":"default","adv-header-id-meta":"","stick-header-meta":"","header-above-stick-meta":"","header-main-stick-meta":"","header-below-stick-meta":"","footnotes":""},"class_list":["post-127","page","type-page","status-publish","hentry"],"_links":{"self":[{"href":"https:\/\/puentotrade.com\/tr\/wp-json\/wp\/v2\/pages\/127","targetHints":{"allow":["GET"]}}],"collection":[{"href":"https:\/\/puentotrade.com\/tr\/wp-json\/wp\/v2\/pages"}],"about":[{"href":"https:\/\/puentotrade.com\/tr\/wp-json\/wp\/v2\/types\/page"}],"author":[{"embeddable":true,"href":"https:\/\/puentotrade.com\/tr\/wp-json\/wp\/v2\/users\/1"}],"replies":[{"embeddable":true,"href":"https:\/\/puentotrade.com\/tr\/wp-json\/wp\/v2\/comments?post=127"}],"version-history":[{"count":31,"href":"https:\/\/puentotrade.com\/tr\/wp-json\/wp\/v2\/pages\/127\/revisions"}],"predecessor-version":[{"id":828,"href":"https:\/\/puentotrade.com\/tr\/wp-json\/wp\/v2\/pages\/127\/revisions\/828"}],"wp:attachment":[{"href":"https:\/\/puentotrade.com\/tr\/wp-json\/wp\/v2\/media?parent=127"}],"curies":[{"name":"wp","href":"https:\/\/api.w.org\/{rel}","templated":true}]}}