{"id":116,"date":"2022-04-12T20:38:11","date_gmt":"2022-04-12T17:38:11","guid":{"rendered":"https:\/\/puentotrade.com\/?page_id=116"},"modified":"2022-04-20T21:15:44","modified_gmt":"2022-04-20T18:15:44","slug":"farkimiz-ne","status":"publish","type":"page","link":"https:\/\/puentotrade.com\/tr\/farkimiz-ne\/","title":{"rendered":"Fark\u0131m\u0131z Ne"},"content":{"rendered":"\t\t<div data-elementor-type=\"wp-page\" data-elementor-id=\"116\" class=\"elementor elementor-116\">\n\t\t\t\t\t\t\t\t\t<section class=\"elementor-section elementor-top-section elementor-element elementor-element-589f08b elementor-section-full_width elementor-section-height-min-height elementor-section-height-default elementor-section-items-middle\" data-id=\"589f08b\" data-element_type=\"section\" data-settings=\"{&quot;background_background&quot;:&quot;classic&quot;}\">\n\t\t\t\t\t\t\t<div class=\"elementor-background-overlay\"><\/div>\n\t\t\t\t\t\t\t<div class=\"elementor-container elementor-column-gap-no\">\n\t\t\t\t\t<div class=\"elementor-column elementor-col-100 elementor-top-column elementor-element elementor-element-fcdaabd\" data-id=\"fcdaabd\" data-element_type=\"column\">\n\t\t\t<div class=\"elementor-widget-wrap elementor-element-populated\">\n\t\t\t\t\t\t\t\t<div class=\"elementor-element elementor-element-f4c1da3 elementor-widget elementor-widget-heading\" data-id=\"f4c1da3\" data-element_type=\"widget\" data-widget_type=\"heading.default\">\n\t\t\t\t<div class=\"elementor-widget-container\">\n\t\t\t<style>\/*! elementor - v3.6.6 - 08-06-2022 *\/\n.elementor-heading-title{padding:0;margin:0;line-height:1}.elementor-widget-heading .elementor-heading-title[class*=elementor-size-]>a{color:inherit;font-size:inherit;line-height:inherit}.elementor-widget-heading .elementor-heading-title.elementor-size-small{font-size:15px}.elementor-widget-heading .elementor-heading-title.elementor-size-medium{font-size:19px}.elementor-widget-heading .elementor-heading-title.elementor-size-large{font-size:29px}.elementor-widget-heading .elementor-heading-title.elementor-size-xl{font-size:39px}.elementor-widget-heading .elementor-heading-title.elementor-size-xxl{font-size:59px}<\/style><h1 class=\"elementor-heading-title elementor-size-default\">Fark\u0131m\u0131z Ne?<\/h1>\t\t<\/div>\n\t\t\t\t<\/div>\n\t\t\t\t\t<\/div>\n\t\t<\/div>\n\t\t\t\t\t\t\t<\/div>\n\t\t<\/section>\n\t\t\t\t<section class=\"elementor-section elementor-top-section elementor-element elementor-element-19ad6b5 elementor-section-boxed elementor-section-height-default elementor-section-height-default\" data-id=\"19ad6b5\" data-element_type=\"section\">\n\t\t\t\t\t\t<div class=\"elementor-container elementor-column-gap-default\">\n\t\t\t\t\t<div class=\"elementor-column elementor-col-100 elementor-top-column elementor-element elementor-element-b430fc7\" data-id=\"b430fc7\" data-element_type=\"column\">\n\t\t\t<div class=\"elementor-widget-wrap elementor-element-populated\">\n\t\t\t\t\t\t\t\t<div class=\"elementor-element elementor-element-15b3c6b elementor-widget elementor-widget-text-editor\" data-id=\"15b3c6b\" data-element_type=\"widget\" data-widget_type=\"text-editor.default\">\n\t\t\t\t<div class=\"elementor-widget-container\">\n\t\t\t<style>\/*! elementor - v3.6.6 - 08-06-2022 *\/\n.elementor-widget-text-editor.elementor-drop-cap-view-stacked .elementor-drop-cap{background-color:#818a91;color:#fff}.elementor-widget-text-editor.elementor-drop-cap-view-framed .elementor-drop-cap{color:#818a91;border:3px solid;background-color:transparent}.elementor-widget-text-editor:not(.elementor-drop-cap-view-default) .elementor-drop-cap{margin-top:8px}.elementor-widget-text-editor:not(.elementor-drop-cap-view-default) .elementor-drop-cap-letter{width:1em;height:1em}.elementor-widget-text-editor .elementor-drop-cap{float:left;text-align:center;line-height:1;font-size:50px}.elementor-widget-text-editor .elementor-drop-cap-letter{display:inline-block}<\/style>\t\t\t\t<p><img loading=\"lazy\" decoding=\"async\" class=\"alignnone size-medium wp-image-791\" src=\"http:\/\/puentotrade.com\/wp-content\/uploads\/2022\/04\/fark_01-300x169.webp\" alt=\"\" width=\"300\" height=\"169\" srcset=\"https:\/\/puentotrade.com\/wp-content\/uploads\/2022\/04\/fark_01-300x169.webp 300w, https:\/\/puentotrade.com\/wp-content\/uploads\/2022\/04\/fark_01.webp 578w\" sizes=\"auto, (max-width: 300px) 100vw, 300px\" \/><\/p><ul><li>Kurumsal tecr\u00fcbeye sahip profesyonel ekibimizin uluslararas\u0131 ticaret alan\u0131ndaki deneyimi ve b\u00f6lgede ba\u015far\u0131yla ger\u00e7ekle\u015ftirdi\u011fimiz \u00e7ok say\u0131da kurumsal projeye sahip olmam\u0131z.<\/li><li>Makine, otomotiv, in\u015faat, beyaz e\u015fya, mobilya, g\u0131da, ve perakende gibi \u00e7ok farkl\u0131 sekt\u00f6rlerdeki ge\u00e7mi\u015f deneyimlerimiz, b\u00f6lgede daha rahat i\u015f yapabilmemizi sa\u011fl\u0131yor.<\/li><li>Latin Amerika\u2019da konu\u015fulan t\u00fcm dilleri konu\u015fuyor, daha da \u00f6nemlisi yerel k\u00fclt\u00fcr\u00fcn i\u00e7ine girip i\u015flerden mutlaka olumlu bir sonu\u00e7 \u00e7\u0131kartabiliyoruz.<\/li><li>S\u0131k ziyaretlerle b\u00f6lgedeki t\u00fcm operasyonlar\u0131 yerinde takip ediyoruz.<\/li><li>Her zaman b\u00f6lgedeki yerel \u00e7\u00f6z\u00fcm ortaklar\u0131m\u0131z ile i\u015flere m\u00fcdahale edebiliyoruz.<\/li><li>M\u00fc\u015fteri her zaman hakl\u0131d\u0131r! Latin Amerika ile T\u00fcrkiye aras\u0131nda baz\u0131 b\u00f6lgelerde 9 saate \u00e7\u0131kan saat fark\u0131na kar\u015f\u0131n 7 g\u00fcn 24 saat anlay\u0131\u015f\u0131yla hizmet veriyoruz. \u201cBizim i\u00e7in as\u0131l olan m\u00fc\u015fterimizin saatidir\u201d\u00a0diyerek d\u0131\u015f ticaret alan\u0131nda, hem hesapl\u0131 hem de kaliteli hizmet almak isteyen m\u00fc\u015fterilerimiz i\u00e7in elimizden gelen t\u00fcm \u00e7abay\u0131 g\u00f6steriyoruz.<\/li><\/ul>\t\t\t\t\t\t<\/div>\n\t\t\t\t<\/div>\n\t\t\t\t\t<\/div>\n\t\t<\/div>\n\t\t\t\t\t\t\t<\/div>\n\t\t<\/section>\n\t\t\t\t\t\t\t<\/div>\n\t\t","protected":false},"excerpt":{"rendered":"<p>Fark\u0131m\u0131z Ne? Kurumsal tecr\u00fcbeye sahip profesyonel ekibimizin uluslararas\u0131 ticaret alan\u0131ndaki deneyimi ve b\u00f6lgede ba\u015far\u0131yla ger\u00e7ekle\u015ftirdi\u011fimiz \u00e7ok say\u0131da kurumsal projeye sahip olmam\u0131z. Makine, otomotiv, in\u015faat, beyaz e\u015fya, mobilya, g\u0131da, ve perakende gibi \u00e7ok farkl\u0131 sekt\u00f6rlerdeki ge\u00e7mi\u015f deneyimlerimiz, b\u00f6lgede daha rahat i\u015f yapabilmemizi sa\u011fl\u0131yor. Latin Amerika\u2019da konu\u015fulan t\u00fcm dilleri konu\u015fuyor, daha da \u00f6nemlisi yerel k\u00fclt\u00fcr\u00fcn i\u00e7ine girip &hellip;<\/p>\n<p class=\"read-more\"> <a class=\"\" href=\"https:\/\/puentotrade.com\/tr\/farkimiz-ne\/\"> <span class=\"screen-reader-text\">Fark\u0131m\u0131z Ne<\/span> Devam\u0131 &raquo;<\/a><\/p>\n","protected":false},"author":1,"featured_media":0,"parent":0,"menu_order":0,"comment_status":"closed","ping_status":"closed","template":"","meta":{"site-sidebar-layout":"no-sidebar","site-content-layout":"page-builder","ast-global-header-display":"","ast-main-header-display":"","ast-hfb-above-header-display":"","ast-hfb-below-header-display":"","ast-hfb-mobile-header-display":"","site-post-title":"disabled","ast-breadcrumbs-content":"","ast-featured-img":"disabled","footer-sml-layout":"","theme-transparent-header-meta":"default","adv-header-id-meta":"","stick-header-meta":"","header-above-stick-meta":"","header-main-stick-meta":"","header-below-stick-meta":"","footnotes":""},"class_list":["post-116","page","type-page","status-publish","hentry"],"_links":{"self":[{"href":"https:\/\/puentotrade.com\/tr\/wp-json\/wp\/v2\/pages\/116","targetHints":{"allow":["GET"]}}],"collection":[{"href":"https:\/\/puentotrade.com\/tr\/wp-json\/wp\/v2\/pages"}],"about":[{"href":"https:\/\/puentotrade.com\/tr\/wp-json\/wp\/v2\/types\/page"}],"author":[{"embeddable":true,"href":"https:\/\/puentotrade.com\/tr\/wp-json\/wp\/v2\/users\/1"}],"replies":[{"embeddable":true,"href":"https:\/\/puentotrade.com\/tr\/wp-json\/wp\/v2\/comments?post=116"}],"version-history":[{"count":16,"href":"https:\/\/puentotrade.com\/tr\/wp-json\/wp\/v2\/pages\/116\/revisions"}],"predecessor-version":[{"id":806,"href":"https:\/\/puentotrade.com\/tr\/wp-json\/wp\/v2\/pages\/116\/revisions\/806"}],"wp:attachment":[{"href":"https:\/\/puentotrade.com\/tr\/wp-json\/wp\/v2\/media?parent=116"}],"curies":[{"name":"wp","href":"https:\/\/api.w.org\/{rel}","templated":true}]}}